{"id":3688,"date":"2023-02-02T19:16:21","date_gmt":"2023-02-03T00:16:21","guid":{"rendered":"https:\/\/cpdc.ca\/about-us\/"},"modified":"2025-06-11T16:41:19","modified_gmt":"2025-06-11T16:41:19","slug":"a-propos-de-nous","status":"publish","type":"page","link":"https:\/\/cpdc.ca\/fr\/a-propos-de-nous\/","title":{"rendered":"A propos de nous"},"content":{"rendered":"\t\t<div data-elementor-type=\"wp-page\" data-elementor-id=\"3688\" class=\"elementor elementor-3688 elementor-97\" data-elementor-post-type=\"page\">\n\t\t\t\t\t\t<section class=\"elementor-section elementor-top-section elementor-element elementor-element-275346a elementor-section-boxed elementor-section-height-default elementor-section-height-default\" data-id=\"275346a\" data-element_type=\"section\" data-e-type=\"section\">\n\t\t\t\t\t\t<div class=\"elementor-container elementor-column-gap-default\">\n\t\t\t\t\t<div class=\"elementor-column elementor-col-100 elementor-top-column elementor-element elementor-element-189544e\" data-id=\"189544e\" data-element_type=\"column\" data-e-type=\"column\">\n\t\t\t<div class=\"elementor-widget-wrap elementor-element-populated\">\n\t\t\t\t\t\t<div class=\"elementor-element elementor-element-eccb5fa elementor-widget elementor-widget-heading\" data-id=\"eccb5fa\" data-element_type=\"widget\" data-e-type=\"widget\" data-widget_type=\"heading.default\">\n\t\t\t\t<div class=\"elementor-widget-container\">\n\t\t\t\t\t<h2 class=\"elementor-heading-title elementor-size-default\">A propos de nous <\/h2>\t\t\t\t<\/div>\n\t\t\t\t<\/div>\n\t\t\t\t<div class=\"elementor-element elementor-element-5ea1a47 elementor-widget elementor-widget-heading\" data-id=\"5ea1a47\" data-element_type=\"widget\" data-e-type=\"widget\" data-widget_type=\"heading.default\">\n\t\t\t\t<div class=\"elementor-widget-container\">\n\t\t\t\t\t<h2 class=\"elementor-heading-title elementor-size-default\">Pr\u00e9cision. Progr\u00e8s. Possibilit\u00e9.<\/h2>\t\t\t\t<\/div>\n\t\t\t\t<\/div>\n\t\t\t\t<div class=\"elementor-element elementor-element-ccfe3c7 elementor-widget elementor-widget-text-editor\" data-id=\"ccfe3c7\" data-element_type=\"widget\" data-e-type=\"widget\" data-widget_type=\"text-editor.default\">\n\t\t\t\t<div class=\"elementor-widget-container\">\n\t\t\t\t\t\t\t\t\t<p>Le CPDC est une organisation \u00e0 but non lucratif qui fait progresser la m\u00e9decine nucl\u00e9aire au Canada et \u00e0 l&rsquo;\u00e9tranger gr\u00e2ce \u00e0 des investissements strat\u00e9giques, des conseils d&rsquo;experts et le d\u00e9veloppement de produits radiopharmaceutiques novateurs au profit des patients du monde entier.<\/p><p>Le CPDC a \u00e9t\u00e9 fond\u00e9 par le Dr John Valliant de l&rsquo;Universit\u00e9 McMaster en 2008 en tant que Centre d&rsquo;excellence en commercialisation et en recherche (CECR), sp\u00e9cialis\u00e9 dans la recherche et le d\u00e9veloppement de produits radiopharmaceutiques.<\/p>\t\t\t\t\t\t\t\t<\/div>\n\t\t\t\t<\/div>\n\t\t\t\t\t<\/div>\n\t\t<\/div>\n\t\t\t\t\t<\/div>\n\t\t<\/section>\n\t\t\t\t<section class=\"elementor-section elementor-top-section elementor-element elementor-element-891d7b2 elementor-section-boxed elementor-section-height-default elementor-section-height-default\" data-id=\"891d7b2\" data-element_type=\"section\" data-e-type=\"section\">\n\t\t\t\t\t\t<div class=\"elementor-container elementor-column-gap-default\">\n\t\t\t\t\t<div class=\"elementor-column elementor-col-100 elementor-top-column elementor-element elementor-element-5d668d0\" data-id=\"5d668d0\" data-element_type=\"column\" data-e-type=\"column\">\n\t\t\t<div class=\"elementor-widget-wrap elementor-element-populated\">\n\t\t\t\t\t\t<div class=\"elementor-element elementor-element-a9fd939 elementor-widget elementor-widget-image\" data-id=\"a9fd939\" data-element_type=\"widget\" data-e-type=\"widget\" data-widget_type=\"image.default\">\n\t\t\t\t<div class=\"elementor-widget-container\">\n\t\t\t\t\t\t\t\t\t\t\t\t\t\t\t<img fetchpriority=\"high\" decoding=\"async\" width=\"2560\" height=\"1212\" src=\"https:\/\/cpdc.ca\/wp-content\/uploads\/2025\/06\/CPDC-Timeline-Dark-Fr-scaled.png\" class=\"attachment-full size-full wp-image-3699\" alt=\"\" srcset=\"https:\/\/cpdc.ca\/wp-content\/uploads\/2025\/06\/CPDC-Timeline-Dark-Fr-scaled.png 2560w, https:\/\/cpdc.ca\/wp-content\/uploads\/2025\/06\/CPDC-Timeline-Dark-Fr-300x142.png 300w, https:\/\/cpdc.ca\/wp-content\/uploads\/2025\/06\/CPDC-Timeline-Dark-Fr-1024x485.png 1024w, https:\/\/cpdc.ca\/wp-content\/uploads\/2025\/06\/CPDC-Timeline-Dark-Fr-768x363.png 768w, https:\/\/cpdc.ca\/wp-content\/uploads\/2025\/06\/CPDC-Timeline-Dark-Fr-1536x727.png 1536w, https:\/\/cpdc.ca\/wp-content\/uploads\/2025\/06\/CPDC-Timeline-Dark-Fr-2048x969.png 2048w\" sizes=\"(max-width: 2560px) 100vw, 2560px\" \/>\t\t\t\t\t\t\t\t\t\t\t\t\t\t\t<\/div>\n\t\t\t\t<\/div>\n\t\t\t\t\t<\/div>\n\t\t<\/div>\n\t\t\t\t\t<\/div>\n\t\t<\/section>\n\t\t\t\t<section class=\"elementor-section elementor-top-section elementor-element elementor-element-7c6cbd8 elementor-section-boxed elementor-section-height-default elementor-section-height-default\" data-id=\"7c6cbd8\" data-element_type=\"section\" data-e-type=\"section\">\n\t\t\t\t\t\t<div class=\"elementor-container elementor-column-gap-default\">\n\t\t\t\t\t<div class=\"elementor-column elementor-col-100 elementor-top-column elementor-element elementor-element-59147c5\" data-id=\"59147c5\" data-element_type=\"column\" data-e-type=\"column\">\n\t\t\t<div class=\"elementor-widget-wrap elementor-element-populated\">\n\t\t\t\t\t\t<div class=\"elementor-element elementor-element-0b98546 elementor-widget elementor-widget-text-editor\" data-id=\"0b98546\" data-element_type=\"widget\" data-e-type=\"widget\" data-widget_type=\"text-editor.default\">\n\t\t\t\t<div class=\"elementor-widget-container\">\n\t\t\t\t\t\t\t\t\tLe CPDC a jou\u00e9 un r\u00f4le essentiel dans la croissance de l\u2019\u00e9cosyst\u00e8me radiopharmaceutique au Canada.\t\t\t\t\t\t\t\t<\/div>\n\t\t\t\t<\/div>\n\t\t\t\t\t<\/div>\n\t\t<\/div>\n\t\t\t\t\t<\/div>\n\t\t<\/section>\n\t\t\t\t<section class=\"elementor-section elementor-top-section elementor-element elementor-element-8f00877 elementor-section-boxed elementor-section-height-default elementor-section-height-default\" data-id=\"8f00877\" data-element_type=\"section\" data-e-type=\"section\">\n\t\t\t\t\t\t<div class=\"elementor-container elementor-column-gap-default\">\n\t\t\t\t\t<div class=\"elementor-column elementor-col-33 elementor-top-column elementor-element elementor-element-e7134d1\" data-id=\"e7134d1\" data-element_type=\"column\" data-e-type=\"column\" data-settings=\"{&quot;animation&quot;:&quot;none&quot;,&quot;animation_delay&quot;:500}\">\n\t\t\t<div class=\"elementor-widget-wrap elementor-element-populated\">\n\t\t\t\t\t\t<div class=\"elementor-element elementor-element-fb82180 elementor-widget__width-auto elementor-widget-mobile__width-inherit elementor-widget elementor-widget-counter\" data-id=\"fb82180\" data-element_type=\"widget\" data-e-type=\"widget\" data-widget_type=\"counter.default\">\n\t\t\t\t<div class=\"elementor-widget-container\">\n\t\t\t\t\t\t\t<div class=\"elementor-counter\">\n\t\t\t<div class=\"elementor-counter-title\">ENTERPRISES<\/div>\t\t\t<div class=\"elementor-counter-number-wrapper\">\n\t\t\t\t<span class=\"elementor-counter-number-prefix\"><\/span>\n\t\t\t\t<span class=\"elementor-counter-number\" data-duration=\"2000\" data-to-value=\"4\" data-from-value=\"0\" data-delimiter=\",\">0<\/span>\n\t\t\t\t<span class=\"elementor-counter-number-suffix\"><\/span>\n\t\t\t<\/div>\n\t\t<\/div>\n\t\t\t\t\t\t<\/div>\n\t\t\t\t<\/div>\n\t\t\t\t<div class=\"elementor-element elementor-element-3ea04c4 elementor-widget__width-auto elementor-widget elementor-widget-image\" data-id=\"3ea04c4\" data-element_type=\"widget\" data-e-type=\"widget\" data-widget_type=\"image.default\">\n\t\t\t\t<div class=\"elementor-widget-container\">\n\t\t\t\t\t\t\t\t\t\t\t\t\t\t\t<img decoding=\"async\" width=\"100\" height=\"100\" src=\"https:\/\/cpdc.ca\/wp-content\/uploads\/2025\/06\/arrow-100.png\" class=\"attachment-large size-large wp-image-3285\" alt=\"\" \/>\t\t\t\t\t\t\t\t\t\t\t\t\t\t\t<\/div>\n\t\t\t\t<\/div>\n\t\t\t\t<div class=\"elementor-element elementor-element-c8654cc elementor-widget elementor-widget-text-editor\" data-id=\"c8654cc\" data-element_type=\"widget\" data-e-type=\"widget\" data-widget_type=\"text-editor.default\">\n\t\t\t\t<div class=\"elementor-widget-container\">\n\t\t\t\t\t\t\t\t\t<p>Le CPDC a incub\u00e9 et essaim\u00e9 avec succ\u00e8s <a href=\"https:\/\/fusionpharma.com\/\">Fusion Pharmaceuticals Inc. <\/a>et<a href=\"https:\/\/www.atomvie.com\/\"> AtomVie Global Radiopharma<\/a> et a cofond\u00e9 <a href=\"https:\/\/artms.ca\/\">ARTMS <\/a>et CanProbe.<\/p>\t\t\t\t\t\t\t\t<\/div>\n\t\t\t\t<\/div>\n\t\t\t\t\t<\/div>\n\t\t<\/div>\n\t\t\t\t<div class=\"elementor-column elementor-col-33 elementor-top-column elementor-element elementor-element-02c4d56\" data-id=\"02c4d56\" data-element_type=\"column\" data-e-type=\"column\" data-settings=\"{&quot;animation&quot;:&quot;none&quot;,&quot;animation_delay&quot;:500}\">\n\t\t\t<div class=\"elementor-widget-wrap elementor-element-populated\">\n\t\t\t\t\t\t<div class=\"elementor-element elementor-element-4cf6e36 elementor-widget__width-initial elementor-widget elementor-widget-counter\" data-id=\"4cf6e36\" data-element_type=\"widget\" data-e-type=\"widget\" data-widget_type=\"counter.default\">\n\t\t\t\t<div class=\"elementor-widget-container\">\n\t\t\t\t\t\t\t<div class=\"elementor-counter\">\n\t\t\t<div class=\"elementor-counter-title\">ESSAISES CLINIQUES<\/div>\t\t\t<div class=\"elementor-counter-number-wrapper\">\n\t\t\t\t<span class=\"elementor-counter-number-prefix\">&gt;<\/span>\n\t\t\t\t<span class=\"elementor-counter-number\" data-duration=\"2000\" data-to-value=\"60\" data-from-value=\"0\" data-delimiter=\",\">0<\/span>\n\t\t\t\t<span class=\"elementor-counter-number-suffix\"><\/span>\n\t\t\t<\/div>\n\t\t<\/div>\n\t\t\t\t\t\t<\/div>\n\t\t\t\t<\/div>\n\t\t\t\t<div class=\"elementor-element elementor-element-1ccd16c elementor-widget__width-auto elementor-widget elementor-widget-image\" data-id=\"1ccd16c\" data-element_type=\"widget\" data-e-type=\"widget\" data-widget_type=\"image.default\">\n\t\t\t\t<div class=\"elementor-widget-container\">\n\t\t\t\t\t\t\t\t\t\t\t\t\t\t\t<img decoding=\"async\" width=\"100\" height=\"100\" src=\"https:\/\/cpdc.ca\/wp-content\/uploads\/2025\/06\/molecule100.png\" class=\"attachment-large size-large wp-image-3282\" alt=\"\" \/>\t\t\t\t\t\t\t\t\t\t\t\t\t\t\t<\/div>\n\t\t\t\t<\/div>\n\t\t\t\t<div class=\"elementor-element elementor-element-4ad2eb3 elementor-widget elementor-widget-text-editor\" data-id=\"4ad2eb3\" data-element_type=\"widget\" data-e-type=\"widget\" data-widget_type=\"text-editor.default\">\n\t\t\t\t<div class=\"elementor-widget-container\">\n\t\t\t\t\t\t\t\t\t<p>Au cours des 15 derni\u00e8res ann\u00e9es, le CPDC a soutenu et men\u00e9 plus de 60 essais cliniques, y compris des essais de phase III, au Canada, en Am\u00e9rique du Nord et en Europe.<\/p>\t\t\t\t\t\t\t\t<\/div>\n\t\t\t\t<\/div>\n\t\t\t\t\t<\/div>\n\t\t<\/div>\n\t\t\t\t<div class=\"elementor-column elementor-col-33 elementor-top-column elementor-element elementor-element-c49a7d6\" data-id=\"c49a7d6\" data-element_type=\"column\" data-e-type=\"column\" data-settings=\"{&quot;animation&quot;:&quot;none&quot;,&quot;animation_delay&quot;:500}\">\n\t\t\t<div class=\"elementor-widget-wrap elementor-element-populated\">\n\t\t\t\t\t\t<div class=\"elementor-element elementor-element-37ef309 elementor-widget__width-initial elementor-widget elementor-widget-counter\" data-id=\"37ef309\" data-element_type=\"widget\" data-e-type=\"widget\" data-widget_type=\"counter.default\">\n\t\t\t\t<div class=\"elementor-widget-container\">\n\t\t\t\t\t\t\t<div class=\"elementor-counter\">\n\t\t\t<div class=\"elementor-counter-title\">DOSES CLINIQUES<\/div>\t\t\t<div class=\"elementor-counter-number-wrapper\">\n\t\t\t\t<span class=\"elementor-counter-number-prefix\"><\/span>\n\t\t\t\t<span class=\"elementor-counter-number\" data-duration=\"2000\" data-to-value=\"65\" data-from-value=\"0\" data-delimiter=\",\">0<\/span>\n\t\t\t\t<span class=\"elementor-counter-number-suffix\">K<\/span>\n\t\t\t<\/div>\n\t\t<\/div>\n\t\t\t\t\t\t<\/div>\n\t\t\t\t<\/div>\n\t\t\t\t<div class=\"elementor-element elementor-element-ad48f79 elementor-widget__width-auto elementor-widget elementor-widget-image\" data-id=\"ad48f79\" data-element_type=\"widget\" data-e-type=\"widget\" data-widget_type=\"image.default\">\n\t\t\t\t<div class=\"elementor-widget-container\">\n\t\t\t\t\t\t\t\t\t\t\t\t\t\t\t<img loading=\"lazy\" decoding=\"async\" width=\"100\" height=\"100\" src=\"https:\/\/cpdc.ca\/wp-content\/uploads\/2025\/06\/heart100.png\" class=\"attachment-large size-large wp-image-3284\" alt=\"\" \/>\t\t\t\t\t\t\t\t\t\t\t\t\t\t\t<\/div>\n\t\t\t\t<\/div>\n\t\t\t\t<div class=\"elementor-element elementor-element-c5f395e elementor-widget elementor-widget-text-editor\" data-id=\"c5f395e\" data-element_type=\"widget\" data-e-type=\"widget\" data-widget_type=\"text-editor.default\">\n\t\t\t\t<div class=\"elementor-widget-container\">\n\t\t\t\t\t\t\t\t\t<p>Le CPDC et ses partenaires ont fourni plus de 65 000 doses cliniques \u00e0 des patients au Canada pour une vari\u00e9t\u00e9 de maladies.<\/p>\t\t\t\t\t\t\t\t<\/div>\n\t\t\t\t<\/div>\n\t\t\t\t\t<\/div>\n\t\t<\/div>\n\t\t\t\t\t<\/div>\n\t\t<\/section>\n\t\t\t\t<section class=\"elementor-section elementor-top-section elementor-element elementor-element-d005e43 elementor-section-boxed elementor-section-height-default elementor-section-height-default\" data-id=\"d005e43\" data-element_type=\"section\" data-e-type=\"section\">\n\t\t\t\t\t\t<div class=\"elementor-container elementor-column-gap-default\">\n\t\t\t\t\t<div class=\"elementor-column elementor-col-100 elementor-top-column elementor-element elementor-element-067ed34\" data-id=\"067ed34\" data-element_type=\"column\" data-e-type=\"column\">\n\t\t\t<div class=\"elementor-widget-wrap elementor-element-populated\">\n\t\t\t\t\t\t<div class=\"elementor-element elementor-element-11a7cf8 elementor-widget elementor-widget-text-editor\" data-id=\"11a7cf8\" data-element_type=\"widget\" data-e-type=\"widget\" data-widget_type=\"text-editor.default\">\n\t\t\t\t<div class=\"elementor-widget-container\">\n\t\t\t\t\t\t\t\t\t<p>Nous sommes des sp\u00e9cialistes des <strong>produits radiopharmaceutiques<\/strong><\/p>\t\t\t\t\t\t\t\t<\/div>\n\t\t\t\t<\/div>\n\t\t\t\t<div class=\"elementor-element elementor-element-a82a81d elementor-widget elementor-widget-button\" data-id=\"a82a81d\" data-element_type=\"widget\" data-e-type=\"widget\" data-widget_type=\"button.default\">\n\t\t\t\t<div class=\"elementor-widget-container\">\n\t\t\t\t\t\t\t\t\t<div class=\"elementor-button-wrapper\">\n\t\t\t\t\t<a class=\"elementor-button elementor-button-link elementor-size-sm\" href=\"https:\/\/cpdc.ca\/fr\/lequipe\/\">\n\t\t\t\t\t\t<span class=\"elementor-button-content-wrapper\">\n\t\t\t\t\t\t<span class=\"elementor-button-icon\">\n\t\t\t\t<i aria-hidden=\"true\" class=\"far fa-arrow-alt-circle-right\"><\/i>\t\t\t<\/span>\n\t\t\t\t\t\t\t\t\t<span class=\"elementor-button-text\">Rencontrez notre \u00e9quipe de direction<\/span>\n\t\t\t\t\t<\/span>\n\t\t\t\t\t<\/a>\n\t\t\t\t<\/div>\n\t\t\t\t\t\t\t\t<\/div>\n\t\t\t\t<\/div>\n\t\t\t\t\t<\/div>\n\t\t<\/div>\n\t\t\t\t\t<\/div>\n\t\t<\/section>\n\t\t\t\t<section class=\"elementor-section elementor-top-section elementor-element elementor-element-f3d9aa5 elementor-section-boxed elementor-section-height-default elementor-section-height-default\" data-id=\"f3d9aa5\" data-element_type=\"section\" data-e-type=\"section\">\n\t\t\t\t\t\t<div class=\"elementor-container elementor-column-gap-default\">\n\t\t\t\t\t<div class=\"elementor-column elementor-col-100 elementor-top-column elementor-element elementor-element-2bbb65b\" data-id=\"2bbb65b\" data-element_type=\"column\" data-e-type=\"column\">\n\t\t\t<div class=\"elementor-widget-wrap elementor-element-populated\">\n\t\t\t\t\t\t<div class=\"elementor-element elementor-element-5ecaeab elementor-widget elementor-widget-spacer\" data-id=\"5ecaeab\" data-element_type=\"widget\" data-e-type=\"widget\" data-widget_type=\"spacer.default\">\n\t\t\t\t<div class=\"elementor-widget-container\">\n\t\t\t\t\t\t\t<div class=\"elementor-spacer\">\n\t\t\t<div class=\"elementor-spacer-inner\"><\/div>\n\t\t<\/div>\n\t\t\t\t\t\t<\/div>\n\t\t\t\t<\/div>\n\t\t\t\t\t<\/div>\n\t\t<\/div>\n\t\t\t\t\t<\/div>\n\t\t<\/section>\n\t\t\t\t<\/div>\n\t\t","protected":false},"excerpt":{"rendered":"<p>A propos de nous Pr\u00e9cision. Progr\u00e8s. Possibilit\u00e9. Le CPDC est une organisation \u00e0 but non lucratif qui fait progresser la m\u00e9decine nucl\u00e9aire au Canada et \u00e0 l&rsquo;\u00e9tranger gr\u00e2ce \u00e0 des investissements strat\u00e9giques, des conseils d&rsquo;experts et le d\u00e9veloppement de produits radiopharmaceutiques novateurs au profit des patients du monde entier. Le CPDC a \u00e9t\u00e9 fond\u00e9 par &#8230; <a title=\"A propos de nous\" class=\"read-more\" href=\"https:\/\/cpdc.ca\/fr\/a-propos-de-nous\/\" aria-label=\"Read more about A propos de nous\">Read more<\/a><\/p>\n","protected":false},"author":2,"featured_media":0,"parent":0,"menu_order":0,"comment_status":"closed","ping_status":"closed","template":"elementor_header_footer","meta":{"footnotes":""},"class_list":["post-3688","page","type-page","status-publish"],"aioseo_notices":[],"_links":{"self":[{"href":"https:\/\/cpdc.ca\/fr\/wp-json\/wp\/v2\/pages\/3688","targetHints":{"allow":["GET"]}}],"collection":[{"href":"https:\/\/cpdc.ca\/fr\/wp-json\/wp\/v2\/pages"}],"about":[{"href":"https:\/\/cpdc.ca\/fr\/wp-json\/wp\/v2\/types\/page"}],"author":[{"embeddable":true,"href":"https:\/\/cpdc.ca\/fr\/wp-json\/wp\/v2\/users\/2"}],"replies":[{"embeddable":true,"href":"https:\/\/cpdc.ca\/fr\/wp-json\/wp\/v2\/comments?post=3688"}],"version-history":[{"count":13,"href":"https:\/\/cpdc.ca\/fr\/wp-json\/wp\/v2\/pages\/3688\/revisions"}],"predecessor-version":[{"id":4121,"href":"https:\/\/cpdc.ca\/fr\/wp-json\/wp\/v2\/pages\/3688\/revisions\/4121"}],"wp:attachment":[{"href":"https:\/\/cpdc.ca\/fr\/wp-json\/wp\/v2\/media?parent=3688"}],"curies":[{"name":"wp","href":"https:\/\/api.w.org\/{rel}","templated":true}]}}