{"id":3708,"date":"2025-05-24T20:30:12","date_gmt":"2025-05-24T20:30:12","guid":{"rendered":"https:\/\/cpdc.ca\/services-bpf\/"},"modified":"2025-06-11T15:06:43","modified_gmt":"2025-06-11T15:06:43","slug":"services-bpf","status":"publish","type":"page","link":"https:\/\/cpdc.ca\/fr\/services-bpf\/","title":{"rendered":"Services BPF"},"content":{"rendered":"\t\t<div data-elementor-type=\"wp-page\" data-elementor-id=\"3708\" class=\"elementor elementor-3708 elementor-2082\" data-elementor-post-type=\"page\">\n\t\t\t\t\t\t<section class=\"elementor-section elementor-top-section elementor-element elementor-element-053dcc3 elementor-section-boxed elementor-section-height-default elementor-section-height-default\" data-id=\"053dcc3\" data-element_type=\"section\" data-e-type=\"section\">\n\t\t\t\t\t\t<div class=\"elementor-container elementor-column-gap-default\">\n\t\t\t\t\t<div class=\"elementor-column elementor-col-100 elementor-top-column elementor-element elementor-element-6f8e18d\" data-id=\"6f8e18d\" data-element_type=\"column\" data-e-type=\"column\">\n\t\t\t<div class=\"elementor-widget-wrap elementor-element-populated\">\n\t\t\t\t\t\t<div class=\"elementor-element elementor-element-4d2b7a4 elementor-widget elementor-widget-heading\" data-id=\"4d2b7a4\" data-element_type=\"widget\" data-e-type=\"widget\" data-widget_type=\"heading.default\">\n\t\t\t\t<div class=\"elementor-widget-container\">\n\t\t\t\t\t<h2 class=\"elementor-heading-title elementor-size-default\">Services BPF<\/h2>\t\t\t\t<\/div>\n\t\t\t\t<\/div>\n\t\t\t\t<div class=\"elementor-element elementor-element-51872a8 elementor-widget elementor-widget-heading\" data-id=\"51872a8\" data-element_type=\"widget\" data-e-type=\"widget\" data-widget_type=\"heading.default\">\n\t\t\t\t<div class=\"elementor-widget-container\">\n\t\t\t\t\t<h2 class=\"elementor-heading-title elementor-size-default\">Qualifier. Se conformer. Certifier.  <\/h2>\t\t\t\t<\/div>\n\t\t\t\t<\/div>\n\t\t\t\t<div class=\"elementor-element elementor-element-7dbfe15 elementor-widget elementor-widget-text-editor\" data-id=\"7dbfe15\" data-element_type=\"widget\" data-e-type=\"widget\" data-widget_type=\"text-editor.default\">\n\t\t\t\t<div class=\"elementor-widget-container\">\n\t\t\t\t\t\t\t\t\t<p>Au CPDC, nous sommes fiers d&rsquo;offrir des services consultatifs sp\u00e9cialis\u00e9s en mati\u00e8re de qualit\u00e9 et de BPF, adapt\u00e9s aux besoins uniques de l&rsquo;industrie radiopharmaceutique canadienne.<\/p><p>Bien que les bonnes pratiques de fabrication (BPF) constituent une norme mondiale visant \u00e0 assurer la s\u00e9curit\u00e9, la puret\u00e9 et l&rsquo;efficacit\u00e9 des produits pharmaceutiques, les produits radiopharmaceutiques pr\u00e9sentent des d\u00e9fis r\u00e9glementaires distincts et complexes. Avec plus de 15 ans d&rsquo;exp\u00e9rience dans les applications cliniques et commerciales, CPDC a d\u00e9velopp\u00e9 et mis en \u0153uvre des syst\u00e8mes de qualit\u00e9 BPF robustes qui ont toujours r\u00e9pondu aux normes les plus \u00e9lev\u00e9es lors des inspections r\u00e9glementaires et des audits des clients. <\/p><p>Notre \u00e9quipe apporte une expertise approfondie dans les complexit\u00e9s de la production radiopharmaceutique, offrant des solutions flexibles et \u00e9volutives qui s&rsquo;int\u00e8grent de mani\u00e8re transparente \u00e0 vos syst\u00e8mes et \u00e9quipes existants. Que vous ayez besoin d&rsquo;un soutien pour les \u00e9valuations initiales des BPF, la pr\u00e9paration \u00e0 l&rsquo;audit ou les op\u00e9rations continues d&rsquo;assurance de la qualit\u00e9, CPDC fournit des conseils de bout en bout pour vous aider \u00e0 atteindre et \u00e0 maintenir la conformit\u00e9 \u00e0 toutes les \u00e9tapes du processus de fabrication et de contr\u00f4le. <\/p><p> <\/p>\t\t\t\t\t\t\t\t<\/div>\n\t\t\t\t<\/div>\n\t\t\t\t\t<\/div>\n\t\t<\/div>\n\t\t\t\t\t<\/div>\n\t\t<\/section>\n\t\t\t\t<section class=\"elementor-section elementor-top-section elementor-element elementor-element-ea16dcb elementor-section-content-middle animated-slow elementor-section-boxed elementor-section-height-default elementor-section-height-default elementor-invisible\" data-id=\"ea16dcb\" data-element_type=\"section\" data-e-type=\"section\" data-settings=\"{&quot;animation&quot;:&quot;fadeIn&quot;}\">\n\t\t\t\t\t\t<div class=\"elementor-container elementor-column-gap-wider\">\n\t\t\t\t\t<div class=\"elementor-column elementor-col-50 elementor-top-column elementor-element elementor-element-d6ac8ba\" data-id=\"d6ac8ba\" data-element_type=\"column\" data-e-type=\"column\">\n\t\t\t<div class=\"elementor-widget-wrap elementor-element-populated\">\n\t\t\t\t\t\t<div class=\"elementor-element elementor-element-f017807 elementor-widget elementor-widget-image\" data-id=\"f017807\" data-element_type=\"widget\" data-e-type=\"widget\" data-widget_type=\"image.default\">\n\t\t\t\t<div class=\"elementor-widget-container\">\n\t\t\t\t\t\t\t\t\t\t\t\t\t\t\t<img fetchpriority=\"high\" decoding=\"async\" width=\"1024\" height=\"683\" src=\"https:\/\/cpdc.ca\/wp-content\/uploads\/2025\/06\/gmp-1024x683.jpg\" class=\"attachment-large size-large wp-image-3174\" alt=\"\" srcset=\"https:\/\/cpdc.ca\/wp-content\/uploads\/2025\/06\/gmp-1024x683.jpg 1024w, https:\/\/cpdc.ca\/wp-content\/uploads\/2025\/06\/gmp-300x200.jpg 300w, https:\/\/cpdc.ca\/wp-content\/uploads\/2025\/06\/gmp-768x512.jpg 768w, https:\/\/cpdc.ca\/wp-content\/uploads\/2025\/06\/gmp.jpg 1338w\" sizes=\"(max-width: 1024px) 100vw, 1024px\" \/>\t\t\t\t\t\t\t\t\t\t\t\t\t\t\t<\/div>\n\t\t\t\t<\/div>\n\t\t\t\t\t<\/div>\n\t\t<\/div>\n\t\t\t\t<div class=\"elementor-column elementor-col-50 elementor-top-column elementor-element elementor-element-21becf7\" data-id=\"21becf7\" data-element_type=\"column\" data-e-type=\"column\">\n\t\t\t<div class=\"elementor-widget-wrap elementor-element-populated\">\n\t\t\t\t\t\t<div class=\"elementor-element elementor-element-bf268da elementor-widget elementor-widget-text-editor\" data-id=\"bf268da\" data-element_type=\"widget\" data-e-type=\"widget\" data-widget_type=\"text-editor.default\">\n\t\t\t\t<div class=\"elementor-widget-container\">\n\t\t\t\t\t\t\t\t\t<p>Pour en savoir plus sur la fa\u00e7on dont le CPDC peut vous aider dans votre d\u00e9marche BPF, veuillez nous contacter \u00e0 l&rsquo;adresse suivante<a href=\"mailto:partnering@cpdc.ca\"> partnering@cpdc.ca<\/a><\/p>\t\t\t\t\t\t\t\t<\/div>\n\t\t\t\t<\/div>\n\t\t\t\t\t<\/div>\n\t\t<\/div>\n\t\t\t\t\t<\/div>\n\t\t<\/section>\n\t\t\t\t<\/div>\n\t\t","protected":false},"excerpt":{"rendered":"<p>Services BPF Qualifier. Se conformer. Certifier. Au CPDC, nous sommes fiers d&rsquo;offrir des services consultatifs sp\u00e9cialis\u00e9s en mati\u00e8re de qualit\u00e9 et de BPF, adapt\u00e9s aux besoins uniques de l&rsquo;industrie radiopharmaceutique canadienne. Bien que les bonnes pratiques de fabrication (BPF) constituent une norme mondiale visant \u00e0 assurer la s\u00e9curit\u00e9, la puret\u00e9 et l&rsquo;efficacit\u00e9 des produits pharmaceutiques, &#8230; <a title=\"Services BPF\" class=\"read-more\" href=\"https:\/\/cpdc.ca\/fr\/services-bpf\/\" aria-label=\"Read more about Services BPF\">Read more<\/a><\/p>\n","protected":false},"author":1,"featured_media":0,"parent":0,"menu_order":0,"comment_status":"closed","ping_status":"closed","template":"elementor_header_footer","meta":{"footnotes":""},"class_list":["post-3708","page","type-page","status-publish"],"aioseo_notices":[],"_links":{"self":[{"href":"https:\/\/cpdc.ca\/fr\/wp-json\/wp\/v2\/pages\/3708","targetHints":{"allow":["GET"]}}],"collection":[{"href":"https:\/\/cpdc.ca\/fr\/wp-json\/wp\/v2\/pages"}],"about":[{"href":"https:\/\/cpdc.ca\/fr\/wp-json\/wp\/v2\/types\/page"}],"author":[{"embeddable":true,"href":"https:\/\/cpdc.ca\/fr\/wp-json\/wp\/v2\/users\/1"}],"replies":[{"embeddable":true,"href":"https:\/\/cpdc.ca\/fr\/wp-json\/wp\/v2\/comments?post=3708"}],"version-history":[{"count":4,"href":"https:\/\/cpdc.ca\/fr\/wp-json\/wp\/v2\/pages\/3708\/revisions"}],"predecessor-version":[{"id":4024,"href":"https:\/\/cpdc.ca\/fr\/wp-json\/wp\/v2\/pages\/3708\/revisions\/4024"}],"wp:attachment":[{"href":"https:\/\/cpdc.ca\/fr\/wp-json\/wp\/v2\/media?parent=3708"}],"curies":[{"name":"wp","href":"https:\/\/api.w.org\/{rel}","templated":true}]}}