{"id":3719,"date":"2023-02-05T10:30:00","date_gmt":"2023-02-05T15:30:00","guid":{"rendered":"https:\/\/cpdc.ca\/company-creation\/"},"modified":"2026-02-19T13:41:15","modified_gmt":"2026-02-19T18:41:15","slug":"creation-dentreprise","status":"publish","type":"page","link":"https:\/\/cpdc.ca\/fr\/creation-dentreprise\/","title":{"rendered":"Cr\u00e9ation d&rsquo;entreprise"},"content":{"rendered":"\t\t<div data-elementor-type=\"wp-page\" data-elementor-id=\"3719\" class=\"elementor elementor-3719 elementor-243\" data-elementor-post-type=\"page\">\n\t\t\t\t\t\t<section class=\"elementor-section elementor-top-section elementor-element elementor-element-7575ff9 elementor-section-boxed elementor-section-height-default elementor-section-height-default\" data-id=\"7575ff9\" data-element_type=\"section\" data-e-type=\"section\">\n\t\t\t\t\t\t<div class=\"elementor-container elementor-column-gap-default\">\n\t\t\t\t\t<div class=\"elementor-column elementor-col-100 elementor-top-column elementor-element elementor-element-7fd05f5\" data-id=\"7fd05f5\" data-element_type=\"column\" data-e-type=\"column\">\n\t\t\t<div class=\"elementor-widget-wrap elementor-element-populated\">\n\t\t\t\t\t\t<div class=\"elementor-element elementor-element-6474f8d elementor-widget elementor-widget-heading\" data-id=\"6474f8d\" data-element_type=\"widget\" data-e-type=\"widget\" data-widget_type=\"heading.default\">\n\t\t\t\t<div class=\"elementor-widget-container\">\n\t\t\t\t\t<h2 class=\"elementor-heading-title elementor-size-default\">Cr\u00e9ation d'entreprise<\/h2>\t\t\t\t<\/div>\n\t\t\t\t<\/div>\n\t\t\t\t<div class=\"elementor-element elementor-element-c4cda0f elementor-widget elementor-widget-heading\" data-id=\"c4cda0f\" data-element_type=\"widget\" data-e-type=\"widget\" data-widget_type=\"heading.default\">\n\t\t\t\t<div class=\"elementor-widget-container\">\n\t\t\t\t\t<h2 class=\"elementor-heading-title elementor-size-default\">Cr\u00e9er. Cro\u00eetre. Diriger.<\/h2>\t\t\t\t<\/div>\n\t\t\t\t<\/div>\n\t\t\t\t\t<\/div>\n\t\t<\/div>\n\t\t\t\t\t<\/div>\n\t\t<\/section>\n\t\t\t\t<section class=\"elementor-section elementor-top-section elementor-element elementor-element-34cd6bb elementor-section-boxed elementor-section-height-default elementor-section-height-default\" data-id=\"34cd6bb\" data-element_type=\"section\" data-e-type=\"section\">\n\t\t\t\t\t\t<div class=\"elementor-container elementor-column-gap-default\">\n\t\t\t\t\t<div class=\"elementor-column elementor-col-100 elementor-top-column elementor-element elementor-element-f9fa576\" data-id=\"f9fa576\" data-element_type=\"column\" data-e-type=\"column\">\n\t\t\t<div class=\"elementor-widget-wrap elementor-element-populated\">\n\t\t\t\t\t\t<section class=\"elementor-section elementor-inner-section elementor-element elementor-element-0445750 animated-slow elementor-section-boxed elementor-section-height-default elementor-section-height-default\" data-id=\"0445750\" data-element_type=\"section\" data-e-type=\"section\" data-settings=\"{&quot;animation&quot;:&quot;none&quot;}\">\n\t\t\t\t\t\t<div class=\"elementor-container elementor-column-gap-wider\">\n\t\t\t\t\t<div class=\"elementor-column elementor-col-50 elementor-inner-column elementor-element elementor-element-edc73e2\" data-id=\"edc73e2\" data-element_type=\"column\" data-e-type=\"column\">\n\t\t\t<div class=\"elementor-widget-wrap elementor-element-populated\">\n\t\t\t\t\t\t<div class=\"elementor-element elementor-element-ea04ec0 elementor-widget elementor-widget-image\" data-id=\"ea04ec0\" data-element_type=\"widget\" data-e-type=\"widget\" data-widget_type=\"image.default\">\n\t\t\t\t<div class=\"elementor-widget-container\">\n\t\t\t\t\t\t\t\t\t\t\t\t\t\t\t<img decoding=\"async\" width=\"203\" height=\"158\" src=\"https:\/\/cpdc.ca\/wp-content\/uploads\/2026\/02\/AZ_Fusion_Logo_white_wide-300x158-1.png\" class=\"attachment-medium size-medium wp-image-4606\" alt=\"\" \/>\t\t\t\t\t\t\t\t\t\t\t\t\t\t\t<\/div>\n\t\t\t\t<\/div>\n\t\t\t\t\t<\/div>\n\t\t<\/div>\n\t\t\t\t<div class=\"elementor-column elementor-col-50 elementor-inner-column elementor-element elementor-element-c526378\" data-id=\"c526378\" data-element_type=\"column\" data-e-type=\"column\">\n\t\t\t<div class=\"elementor-widget-wrap elementor-element-populated\">\n\t\t\t\t\t\t<div class=\"elementor-element elementor-element-ca1077c elementor-widget elementor-widget-text-editor\" data-id=\"ca1077c\" data-element_type=\"widget\" data-e-type=\"widget\" data-widget_type=\"text-editor.default\">\n\t\t\t\t<div class=\"elementor-widget-container\">\n\t\t\t\t\t\t\t\t\t<p>Fusion Pharmaceuticals Inc. est une soci\u00e9t\u00e9 biopharmaceutique au stade clinique qui d\u00e9veloppe des produits radiopharmaceutiques de nouvelle g\u00e9n\u00e9ration en tant que m\u00e9dicaments de pr\u00e9cision pour le traitement du cancer. Issue du CPDC en 2016, Fusion s&rsquo;est d\u00e9velopp\u00e9e \u00e0 partir de la R&amp;D innovante r\u00e9alis\u00e9e au CPDC sur les th\u00e9rapies alpha cibl\u00e9es (TAT). Fusion Pharmaceuticals a \u00e9t\u00e9 acquise par AstraZeneca, une soci\u00e9t\u00e9 biopharmaceutique mondiale, \u00e0 vocation scientifique et ax\u00e9e sur le patient, qui d\u00e9veloppe des m\u00e9dicaments innovants pour des millions de patients dans le monde entier en 2024 pour un montant pouvant atteindre 2,4 milliards de dollars am\u00e9ricains. Pour en savoir plus sur Fusion, veuillez consulter le site <a href=\"https:\/\/fusionpharma.com\/\">fusionpharma.com.<\/a><\/p>\t\t\t\t\t\t\t\t<\/div>\n\t\t\t\t<\/div>\n\t\t\t\t\t<\/div>\n\t\t<\/div>\n\t\t\t\t\t<\/div>\n\t\t<\/section>\n\t\t\t\t<section class=\"elementor-section elementor-inner-section elementor-element elementor-element-001e319 animated-slow elementor-section-boxed elementor-section-height-default elementor-section-height-default\" data-id=\"001e319\" data-element_type=\"section\" data-e-type=\"section\" data-settings=\"{&quot;animation&quot;:&quot;none&quot;}\">\n\t\t\t\t\t\t<div class=\"elementor-container elementor-column-gap-wider\">\n\t\t\t\t\t<div class=\"elementor-column elementor-col-50 elementor-inner-column elementor-element elementor-element-bc40168\" data-id=\"bc40168\" data-element_type=\"column\" data-e-type=\"column\">\n\t\t\t<div class=\"elementor-widget-wrap elementor-element-populated\">\n\t\t\t\t\t\t<div class=\"elementor-element elementor-element-c88998e elementor-widget elementor-widget-image\" data-id=\"c88998e\" data-element_type=\"widget\" data-e-type=\"widget\" data-widget_type=\"image.default\">\n\t\t\t\t<div class=\"elementor-widget-container\">\n\t\t\t\t\t\t\t\t\t\t\t\t\t\t\t<img fetchpriority=\"high\" decoding=\"async\" width=\"2560\" height=\"918\" src=\"https:\/\/cpdc.ca\/wp-content\/uploads\/2025\/06\/AtomVie-Logo-white-scaled.png\" class=\"attachment-full size-full wp-image-3469\" alt=\"\" srcset=\"https:\/\/cpdc.ca\/wp-content\/uploads\/2025\/06\/AtomVie-Logo-white-scaled.png 2560w, https:\/\/cpdc.ca\/wp-content\/uploads\/2025\/06\/AtomVie-Logo-white-300x108.png 300w, https:\/\/cpdc.ca\/wp-content\/uploads\/2025\/06\/AtomVie-Logo-white-1024x367.png 1024w, https:\/\/cpdc.ca\/wp-content\/uploads\/2025\/06\/AtomVie-Logo-white-768x275.png 768w, https:\/\/cpdc.ca\/wp-content\/uploads\/2025\/06\/AtomVie-Logo-white-1536x551.png 1536w, https:\/\/cpdc.ca\/wp-content\/uploads\/2025\/06\/AtomVie-Logo-white-2048x734.png 2048w\" sizes=\"(max-width: 2560px) 100vw, 2560px\" \/>\t\t\t\t\t\t\t\t\t\t\t\t\t\t\t<\/div>\n\t\t\t\t<\/div>\n\t\t\t\t\t<\/div>\n\t\t<\/div>\n\t\t\t\t<div class=\"elementor-column elementor-col-50 elementor-inner-column elementor-element elementor-element-dd75675\" data-id=\"dd75675\" data-element_type=\"column\" data-e-type=\"column\">\n\t\t\t<div class=\"elementor-widget-wrap elementor-element-populated\">\n\t\t\t\t\t\t<div class=\"elementor-element elementor-element-e8fcf7f elementor-widget elementor-widget-text-editor\" data-id=\"e8fcf7f\" data-element_type=\"widget\" data-e-type=\"widget\" data-widget_type=\"text-editor.default\">\n\t\t\t\t<div class=\"elementor-widget-container\">\n\t\t\t\t\t\t\t\t\t<p>AtomVie Global Radiopharma Inc. (AtomVie) est une organisation de d\u00e9veloppement et de fabrication sous contrat (CDMO) de premier plan au niveau mondial pour les radioth\u00e9rapies. Issue du CPDC en 2022, AtomVie a tir\u00e9 parti de 10 ans d&rsquo;expertise en mati\u00e8re de fabrication BPF et de distribution mondiale de produits radiopharmaceutiques par le CPDC. AtomVie offre une gamme compl\u00e8te d&rsquo;expertise scientifique, r\u00e9glementaire, de qualit\u00e9, logistique et commerciale, combin\u00e9e \u00e0 une infrastructure sp\u00e9cialis\u00e9e pour le d\u00e9veloppement de produits radioth\u00e9rapeutiques de la phase 1 au march\u00e9 commercial. Pour en savoir plus sur AtomVie, veuillez consulter le site <a href=\"https:\/\/atomvie.com\/\">atomvie.com.<\/a><\/p>\t\t\t\t\t\t\t\t<\/div>\n\t\t\t\t<\/div>\n\t\t\t\t\t<\/div>\n\t\t<\/div>\n\t\t\t\t\t<\/div>\n\t\t<\/section>\n\t\t\t\t<section class=\"elementor-section elementor-inner-section elementor-element elementor-element-66d510a animated-slow elementor-section-boxed elementor-section-height-default elementor-section-height-default\" data-id=\"66d510a\" data-element_type=\"section\" data-e-type=\"section\" data-settings=\"{&quot;animation&quot;:&quot;none&quot;}\">\n\t\t\t\t\t\t<div class=\"elementor-container elementor-column-gap-wider\">\n\t\t\t\t\t<div class=\"elementor-column elementor-col-50 elementor-inner-column elementor-element elementor-element-ab420e4\" data-id=\"ab420e4\" data-element_type=\"column\" data-e-type=\"column\">\n\t\t\t<div class=\"elementor-widget-wrap elementor-element-populated\">\n\t\t\t\t\t\t<div class=\"elementor-element elementor-element-fafe0e6 elementor-widget elementor-widget-image\" data-id=\"fafe0e6\" data-element_type=\"widget\" data-e-type=\"widget\" data-widget_type=\"image.default\">\n\t\t\t\t<div class=\"elementor-widget-container\">\n\t\t\t\t\t\t\t\t\t\t\t\t\t\t\t<img decoding=\"async\" width=\"1024\" height=\"449\" src=\"https:\/\/cpdc.ca\/wp-content\/uploads\/2025\/06\/artms2-1024x449.png\" class=\"attachment-large size-large wp-image-3356\" alt=\"\" srcset=\"https:\/\/cpdc.ca\/wp-content\/uploads\/2025\/06\/artms2-1024x449.png 1024w, https:\/\/cpdc.ca\/wp-content\/uploads\/2025\/06\/artms2-300x132.png 300w, https:\/\/cpdc.ca\/wp-content\/uploads\/2025\/06\/artms2-768x337.png 768w, https:\/\/cpdc.ca\/wp-content\/uploads\/2025\/06\/artms2-1536x674.png 1536w, https:\/\/cpdc.ca\/wp-content\/uploads\/2025\/06\/artms2.png 2000w\" sizes=\"(max-width: 1024px) 100vw, 1024px\" \/>\t\t\t\t\t\t\t\t\t\t\t\t\t\t\t<\/div>\n\t\t\t\t<\/div>\n\t\t\t\t\t<\/div>\n\t\t<\/div>\n\t\t\t\t<div class=\"elementor-column elementor-col-50 elementor-inner-column elementor-element elementor-element-7ca1805\" data-id=\"7ca1805\" data-element_type=\"column\" data-e-type=\"column\">\n\t\t\t<div class=\"elementor-widget-wrap elementor-element-populated\">\n\t\t\t\t\t\t<div class=\"elementor-element elementor-element-fba6a2f elementor-widget elementor-widget-text-editor\" data-id=\"fba6a2f\" data-element_type=\"widget\" data-e-type=\"widget\" data-widget_type=\"text-editor.default\">\n\t\t\t\t<div class=\"elementor-widget-container\">\n\t\t\t\t\t\t\t\t\t<p>Alternative Radioisotope Technologies for Medical Science (ARTMS) est une soci\u00e9t\u00e9 commerciale sp\u00e9cialis\u00e9e dans la physique, la chimie et la science des mat\u00e9riaux des radionucl\u00e9ides produits par cyclotron. Sa plateforme technologique principale, le QUANTM Irradiation System\u2122 (QIS\u2122), est un syst\u00e8me complet de production d&rsquo;isotopes par cyclotron con\u00e7u pour soutenir la production \u00e0 haut rendement, \u00e0 grande \u00e9chelle et rentable d&rsquo;isotopes m\u00e9dicaux d&rsquo;importance commerciale. ARTMS a \u00e9t\u00e9 fond\u00e9e en 2013 par le CPDC, TRIUMF, l&rsquo;Institut de recherche en sant\u00e9 Lawson et BC Cancer. ARTMS a \u00e9t\u00e9 acquise par Telix Pharmaceuticals en 2024 pour un montant allant jusqu&rsquo;\u00e0 82 millions de dollars am\u00e9ricains. Pour en savoir plus sur ARTMS, veuillez consulter le site <a href=\"https:\/\/artms.ca\/\">artms.ca.<\/a><\/p>\t\t\t\t\t\t\t\t<\/div>\n\t\t\t\t<\/div>\n\t\t\t\t\t<\/div>\n\t\t<\/div>\n\t\t\t\t\t<\/div>\n\t\t<\/section>\n\t\t\t\t\t<\/div>\n\t\t<\/div>\n\t\t\t\t\t<\/div>\n\t\t<\/section>\n\t\t\t\t<\/div>\n\t\t","protected":false},"excerpt":{"rendered":"<p>Cr\u00e9ation d&rsquo;entreprise Cr\u00e9er. Cro\u00eetre. Diriger. Fusion Pharmaceuticals Inc. est une soci\u00e9t\u00e9 biopharmaceutique au stade clinique qui d\u00e9veloppe des produits radiopharmaceutiques de nouvelle g\u00e9n\u00e9ration en tant que m\u00e9dicaments de pr\u00e9cision pour le traitement du cancer. Issue du CPDC en 2016, Fusion s&rsquo;est d\u00e9velopp\u00e9e \u00e0 partir de la R&amp;D innovante r\u00e9alis\u00e9e au CPDC sur les th\u00e9rapies alpha &#8230; <a title=\"Cr\u00e9ation d&rsquo;entreprise\" class=\"read-more\" href=\"https:\/\/cpdc.ca\/fr\/creation-dentreprise\/\" aria-label=\"Read more about Cr\u00e9ation d&rsquo;entreprise\">Read more<\/a><\/p>\n","protected":false},"author":2,"featured_media":0,"parent":0,"menu_order":0,"comment_status":"closed","ping_status":"closed","template":"elementor_header_footer","meta":{"footnotes":""},"class_list":["post-3719","page","type-page","status-publish"],"aioseo_notices":[],"_links":{"self":[{"href":"https:\/\/cpdc.ca\/fr\/wp-json\/wp\/v2\/pages\/3719","targetHints":{"allow":["GET"]}}],"collection":[{"href":"https:\/\/cpdc.ca\/fr\/wp-json\/wp\/v2\/pages"}],"about":[{"href":"https:\/\/cpdc.ca\/fr\/wp-json\/wp\/v2\/types\/page"}],"author":[{"embeddable":true,"href":"https:\/\/cpdc.ca\/fr\/wp-json\/wp\/v2\/users\/2"}],"replies":[{"embeddable":true,"href":"https:\/\/cpdc.ca\/fr\/wp-json\/wp\/v2\/comments?post=3719"}],"version-history":[{"count":18,"href":"https:\/\/cpdc.ca\/fr\/wp-json\/wp\/v2\/pages\/3719\/revisions"}],"predecessor-version":[{"id":4613,"href":"https:\/\/cpdc.ca\/fr\/wp-json\/wp\/v2\/pages\/3719\/revisions\/4613"}],"wp:attachment":[{"href":"https:\/\/cpdc.ca\/fr\/wp-json\/wp\/v2\/media?parent=3719"}],"curies":[{"name":"wp","href":"https:\/\/api.w.org\/{rel}","templated":true}]}}