{"id":3793,"date":"2025-05-24T20:28:20","date_gmt":"2025-05-24T20:28:20","guid":{"rendered":"https:\/\/cpdc.ca\/cmie\/"},"modified":"2025-06-11T16:50:48","modified_gmt":"2025-06-11T16:50:48","slug":"cmie","status":"publish","type":"page","link":"https:\/\/cpdc.ca\/fr\/cmie\/","title":{"rendered":"CMIE"},"content":{"rendered":"\t\t<div data-elementor-type=\"wp-page\" data-elementor-id=\"3793\" class=\"elementor elementor-3793 elementor-2072\" data-elementor-post-type=\"page\">\n\t\t\t\t\t\t<section class=\"elementor-section elementor-top-section elementor-element elementor-element-52a538b elementor-section-boxed elementor-section-height-default elementor-section-height-default\" data-id=\"52a538b\" data-element_type=\"section\" data-e-type=\"section\">\n\t\t\t\t\t\t<div class=\"elementor-container elementor-column-gap-default\">\n\t\t\t\t\t<div class=\"elementor-column elementor-col-100 elementor-top-column elementor-element elementor-element-ecaac2c\" data-id=\"ecaac2c\" data-element_type=\"column\" data-e-type=\"column\">\n\t\t\t<div class=\"elementor-widget-wrap elementor-element-populated\">\n\t\t\t\t\t\t<div class=\"elementor-element elementor-element-95b6d65 elementor-widget elementor-widget-heading\" data-id=\"95b6d65\" data-element_type=\"widget\" data-e-type=\"widget\" data-widget_type=\"heading.default\">\n\t\t\t\t<div class=\"elementor-widget-container\">\n\t\t\t\t\t<h2 class=\"elementor-heading-title elementor-size-default\">CMIE<\/h2>\t\t\t\t<\/div>\n\t\t\t\t<\/div>\n\t\t\t\t<div class=\"elementor-element elementor-element-ea48d1c elementor-widget elementor-widget-text-editor\" data-id=\"ea48d1c\" data-element_type=\"widget\" data-e-type=\"widget\" data-widget_type=\"text-editor.default\">\n\t\t\t\t<div class=\"elementor-widget-container\">\n\t\t\t\t\t\t\t\t\t<p>L\u2019\u00e9cosyst\u00e8me canadien des isotopes m\u00e9dicaux (CMIE) repr\u00e9sente une communaut\u00e9 nationale dynamique qui se consacre au renforcement du secteur canadien des isotopes m\u00e9dicaux en fournissant des ressources pour relier les organisations, cr\u00e9er de nouveaux emplois et, par l\u2019interm\u00e9diaire de son fonds de d\u00e9veloppement (CMIEDF), financer les programmes d\u2019isotopes m\u00e9dicaux de la prochaine g\u00e9n\u00e9ration.<\/p><p>Dirig\u00e9 par le Centre for Probe Development and Commercialization et TRIUMF Innovations, le CMIEDF est soutenu par le Fonds strat\u00e9gique pour l\u2019innovation du gouvernement canadien. Le CMIEDF est une initiative de 80 millions de dollars qui vise \u00e0 r\u00e9unir un ensemble diversifi\u00e9 de parties prenantes dans le secteur des isotopes m\u00e9dicaux et \u00e0 acc\u00e9l\u00e9rer le d\u00e9veloppement et la commercialisation des technologies.<\/p><p>Le CMIEDF offre un soutien financier aux innovateurs, aux d\u00e9veloppeurs et aux \u00e9tablissements universitaires du Canada, particuli\u00e8rement dans le domaine des technologies radiopharmaceutiques et des isotopes m\u00e9dicaux. Ce financement est destin\u00e9 \u00e0 acc\u00e9l\u00e9rer le progr\u00e8s des programmes en phase de d\u00e9marrage, cr\u00e9ant ainsi un pipeline continu pour le d\u00e9veloppement et la commercialisation \u00e9ventuelle.<\/p>\t\t\t\t\t\t\t\t<\/div>\n\t\t\t\t<\/div>\n\t\t\t\t<div class=\"elementor-element elementor-element-f296dec elementor-widget elementor-widget-button\" data-id=\"f296dec\" data-element_type=\"widget\" data-e-type=\"widget\" data-widget_type=\"button.default\">\n\t\t\t\t<div class=\"elementor-widget-container\">\n\t\t\t\t\t\t\t\t\t<div class=\"elementor-button-wrapper\">\n\t\t\t\t\t<a class=\"elementor-button elementor-button-link elementor-size-sm\" href=\"https:\/\/cmie.ca\" target=\"_blank\">\n\t\t\t\t\t\t<span class=\"elementor-button-content-wrapper\">\n\t\t\t\t\t\t<span class=\"elementor-button-icon\">\n\t\t\t\t<i aria-hidden=\"true\" class=\"far fa-arrow-alt-circle-right\"><\/i>\t\t\t<\/span>\n\t\t\t\t\t\t\t\t\t<span class=\"elementor-button-text\">CMIE<\/span>\n\t\t\t\t\t<\/span>\n\t\t\t\t\t<\/a>\n\t\t\t\t<\/div>\n\t\t\t\t\t\t\t\t<\/div>\n\t\t\t\t<\/div>\n\t\t\t\t<div class=\"elementor-element elementor-element-99f4426 elementor-widget elementor-widget-spacer\" data-id=\"99f4426\" data-element_type=\"widget\" data-e-type=\"widget\" data-widget_type=\"spacer.default\">\n\t\t\t\t<div class=\"elementor-widget-container\">\n\t\t\t\t\t\t\t<div class=\"elementor-spacer\">\n\t\t\t<div class=\"elementor-spacer-inner\"><\/div>\n\t\t<\/div>\n\t\t\t\t\t\t<\/div>\n\t\t\t\t<\/div>\n\t\t\t\t\t<\/div>\n\t\t<\/div>\n\t\t\t\t\t<\/div>\n\t\t<\/section>\n\t\t\t\t<section class=\"elementor-section elementor-top-section elementor-element elementor-element-531f72d elementor-section-content-middle animated-slow elementor-section-boxed elementor-section-height-default elementor-section-height-default elementor-invisible\" data-id=\"531f72d\" data-element_type=\"section\" data-e-type=\"section\" data-settings=\"{&quot;animation&quot;:&quot;fadeIn&quot;}\">\n\t\t\t\t\t\t<div class=\"elementor-container elementor-column-gap-wider\">\n\t\t\t\t\t<div class=\"elementor-column elementor-col-50 elementor-top-column elementor-element elementor-element-13158d1\" data-id=\"13158d1\" data-element_type=\"column\" data-e-type=\"column\">\n\t\t\t<div class=\"elementor-widget-wrap elementor-element-populated\">\n\t\t\t\t\t\t<div class=\"elementor-element elementor-element-e353260 elementor-widget elementor-widget-image\" data-id=\"e353260\" data-element_type=\"widget\" data-e-type=\"widget\" data-widget_type=\"image.default\">\n\t\t\t\t<div class=\"elementor-widget-container\">\n\t\t\t\t\t\t\t\t\t\t\t\t\t\t\t\t<a href=\"https:\/\/cmie.ca\">\n\t\t\t\t\t\t\t<img fetchpriority=\"high\" decoding=\"async\" width=\"1024\" height=\"682\" src=\"https:\/\/cpdc.ca\/wp-content\/uploads\/2025\/06\/cmie-1024x682.jpg\" class=\"attachment-large size-large wp-image-3796\" alt=\"\" srcset=\"https:\/\/cpdc.ca\/wp-content\/uploads\/2025\/06\/cmie-1024x682.jpg 1024w, https:\/\/cpdc.ca\/wp-content\/uploads\/2025\/06\/cmie-300x200.jpg 300w, https:\/\/cpdc.ca\/wp-content\/uploads\/2025\/06\/cmie-768x511.jpg 768w, https:\/\/cpdc.ca\/wp-content\/uploads\/2025\/06\/cmie.jpg 1430w\" sizes=\"(max-width: 1024px) 100vw, 1024px\" \/>\t\t\t\t\t\t\t\t<\/a>\n\t\t\t\t\t\t\t\t\t\t\t\t\t\t\t<\/div>\n\t\t\t\t<\/div>\n\t\t\t\t\t<\/div>\n\t\t<\/div>\n\t\t\t\t<div class=\"elementor-column elementor-col-50 elementor-top-column elementor-element elementor-element-70543e2\" data-id=\"70543e2\" data-element_type=\"column\" data-e-type=\"column\">\n\t\t\t<div class=\"elementor-widget-wrap elementor-element-populated\">\n\t\t\t\t\t\t<div class=\"elementor-element elementor-element-f2e4e3e elementor-widget elementor-widget-text-editor\" data-id=\"f2e4e3e\" data-element_type=\"widget\" data-e-type=\"widget\" data-widget_type=\"text-editor.default\">\n\t\t\t\t<div class=\"elementor-widget-container\">\n\t\t\t\t\t\t\t\t\t<p>En tant que co-responsable du CMIE, le CPDC est charg\u00e9 de la gestion et de l\u2019ex\u00e9cution des activit\u00e9s du r\u00e9seau CMIE, y compris le CMIEDF. Pour en savoir plus sur le CMIE, veuillez consulter le site\u00a0<a href=\"http:\/\/www.cmie.ca\/\" data-saferedirecturl=\"https:\/\/www.google.com\/url?q=http:\/\/www.cmie.ca&amp;source=gmail&amp;ust=1740663357401000&amp;usg=AOvVaw0u5UU4xmaiXXUS2qk5EiwL\">www.cmie.ca<\/a>.<\/p>\t\t\t\t\t\t\t\t<\/div>\n\t\t\t\t<\/div>\n\t\t\t\t<div class=\"elementor-element elementor-element-d413f83 elementor-widget elementor-widget-image\" data-id=\"d413f83\" data-element_type=\"widget\" data-e-type=\"widget\" data-widget_type=\"image.default\">\n\t\t\t\t<div class=\"elementor-widget-container\">\n\t\t\t\t\t\t\t\t\t\t\t\t\t\t\t<img decoding=\"async\" width=\"750\" height=\"300\" src=\"https:\/\/cpdc.ca\/wp-content\/uploads\/2025\/06\/CMIE-Logo-Dark.png\" class=\"attachment-large size-large wp-image-4140\" alt=\"\" srcset=\"https:\/\/cpdc.ca\/wp-content\/uploads\/2025\/06\/CMIE-Logo-Dark.png 750w, https:\/\/cpdc.ca\/wp-content\/uploads\/2025\/06\/CMIE-Logo-Dark-300x120.png 300w\" sizes=\"(max-width: 750px) 100vw, 750px\" \/>\t\t\t\t\t\t\t\t\t\t\t\t\t\t\t<\/div>\n\t\t\t\t<\/div>\n\t\t\t\t\t<\/div>\n\t\t<\/div>\n\t\t\t\t\t<\/div>\n\t\t<\/section>\n\t\t\t\t<\/div>\n\t\t","protected":false},"excerpt":{"rendered":"<p>CMIE L\u2019\u00e9cosyst\u00e8me canadien des isotopes m\u00e9dicaux (CMIE) repr\u00e9sente une communaut\u00e9 nationale dynamique qui se consacre au renforcement du secteur canadien des isotopes m\u00e9dicaux en fournissant des ressources pour relier les organisations, cr\u00e9er de nouveaux emplois et, par l\u2019interm\u00e9diaire de son fonds de d\u00e9veloppement (CMIEDF), financer les programmes d\u2019isotopes m\u00e9dicaux de la prochaine g\u00e9n\u00e9ration. Dirig\u00e9 par &#8230; <a title=\"CMIE\" class=\"read-more\" href=\"https:\/\/cpdc.ca\/fr\/cmie\/\" aria-label=\"Read more about CMIE\">Read more<\/a><\/p>\n","protected":false},"author":1,"featured_media":0,"parent":0,"menu_order":0,"comment_status":"closed","ping_status":"closed","template":"elementor_header_footer","meta":{"footnotes":""},"class_list":["post-3793","page","type-page","status-publish"],"aioseo_notices":[],"_links":{"self":[{"href":"https:\/\/cpdc.ca\/fr\/wp-json\/wp\/v2\/pages\/3793","targetHints":{"allow":["GET"]}}],"collection":[{"href":"https:\/\/cpdc.ca\/fr\/wp-json\/wp\/v2\/pages"}],"about":[{"href":"https:\/\/cpdc.ca\/fr\/wp-json\/wp\/v2\/types\/page"}],"author":[{"embeddable":true,"href":"https:\/\/cpdc.ca\/fr\/wp-json\/wp\/v2\/users\/1"}],"replies":[{"embeddable":true,"href":"https:\/\/cpdc.ca\/fr\/wp-json\/wp\/v2\/comments?post=3793"}],"version-history":[{"count":21,"href":"https:\/\/cpdc.ca\/fr\/wp-json\/wp\/v2\/pages\/3793\/revisions"}],"predecessor-version":[{"id":4155,"href":"https:\/\/cpdc.ca\/fr\/wp-json\/wp\/v2\/pages\/3793\/revisions\/4155"}],"wp:attachment":[{"href":"https:\/\/cpdc.ca\/fr\/wp-json\/wp\/v2\/media?parent=3793"}],"curies":[{"name":"wp","href":"https:\/\/api.w.org\/{rel}","templated":true}]}}