{"id":3828,"date":"2025-05-24T20:28:35","date_gmt":"2025-05-25T00:28:35","guid":{"rendered":"https:\/\/cpdc.ca\/our-interest\/"},"modified":"2025-06-16T12:37:29","modified_gmt":"2025-06-16T16:37:29","slug":"notre-objectif","status":"publish","type":"page","link":"https:\/\/cpdc.ca\/fr\/notre-objectif\/","title":{"rendered":"Notre objectif"},"content":{"rendered":"\t\t<div data-elementor-type=\"wp-page\" data-elementor-id=\"3828\" class=\"elementor elementor-3828 elementor-2074\" data-elementor-post-type=\"page\">\n\t\t\t\t\t\t<section class=\"elementor-section elementor-top-section elementor-element elementor-element-8f1aa0d elementor-section-boxed elementor-section-height-default elementor-section-height-default\" data-id=\"8f1aa0d\" data-element_type=\"section\" data-e-type=\"section\">\n\t\t\t\t\t\t<div class=\"elementor-container elementor-column-gap-default\">\n\t\t\t\t\t<div class=\"elementor-column elementor-col-100 elementor-top-column elementor-element elementor-element-7d17f9a\" data-id=\"7d17f9a\" data-element_type=\"column\" data-e-type=\"column\">\n\t\t\t<div class=\"elementor-widget-wrap elementor-element-populated\">\n\t\t\t\t\t\t<div class=\"elementor-element elementor-element-b9957e9 elementor-widget elementor-widget-heading\" data-id=\"b9957e9\" data-element_type=\"widget\" data-e-type=\"widget\" data-widget_type=\"heading.default\">\n\t\t\t\t<div class=\"elementor-widget-container\">\n\t\t\t\t\t<h2 class=\"elementor-heading-title elementor-size-default\">Notre objectif<\/h2>\t\t\t\t<\/div>\n\t\t\t\t<\/div>\n\t\t\t\t<div class=\"elementor-element elementor-element-1ebc3fe elementor-widget elementor-widget-heading\" data-id=\"1ebc3fe\" data-element_type=\"widget\" data-e-type=\"widget\" data-widget_type=\"heading.default\">\n\t\t\t\t<div class=\"elementor-widget-container\">\n\t\t\t\t\t<h2 class=\"elementor-heading-title elementor-size-default\">D\u00e9velopper. Livrer. R\u00e9investir.<\/h2>\t\t\t\t<\/div>\n\t\t\t\t<\/div>\n\t\t\t\t<div class=\"elementor-element elementor-element-db4beab elementor-widget elementor-widget-text-editor\" data-id=\"db4beab\" data-element_type=\"widget\" data-e-type=\"widget\" data-widget_type=\"text-editor.default\">\n\t\t\t\t<div class=\"elementor-widget-container\">\n\t\t\t\t\t\t\t\t\t<p>CPDC recherche activement des investissements directs en phase d&rsquo;amor\u00e7age et de s\u00e9rie A, des opportunit\u00e9s de licence et de collaboration dans le domaine des produits radiopharmaceutiques.<\/p><p>En tant que partenaires d\u00e9vou\u00e9s, nous apportons notre expertise du secteur et un r\u00e9seau solide pour collaborer avec les \u00e9quipes de direction, afin d&rsquo;accro\u00eetre la valeur et l&rsquo;impact des innovations ax\u00e9es sur les produits radiopharmaceutiques.<\/p><p>Si vous d\u00e9veloppez un produit radiopharmaceutique th\u00e9rapeutique, diagnostique ou une technologie connexe, n&rsquo;h\u00e9sitez pas \u00e0 nous contacter.<\/p><p>Envoyez-nous un courriel contenant votre pr\u00e9sentation commerciale non confidentiel \u00e0 l&rsquo;adresse suivante <a href=\"mailto:partnering@cpdc.ca\">partnering@cpdc.ca<\/a><\/p>\t\t\t\t\t\t\t\t<\/div>\n\t\t\t\t<\/div>\n\t\t\t\t\t<\/div>\n\t\t<\/div>\n\t\t\t\t\t<\/div>\n\t\t<\/section>\n\t\t\t\t<section class=\"elementor-section elementor-top-section elementor-element elementor-element-5096c82 elementor-section-boxed elementor-section-height-default elementor-section-height-default\" data-id=\"5096c82\" data-element_type=\"section\" data-e-type=\"section\">\n\t\t\t\t\t\t<div class=\"elementor-container elementor-column-gap-default\">\n\t\t\t\t\t<div class=\"elementor-column elementor-col-100 elementor-top-column elementor-element elementor-element-bada4ee\" data-id=\"bada4ee\" data-element_type=\"column\" data-e-type=\"column\">\n\t\t\t<div class=\"elementor-widget-wrap elementor-element-populated\">\n\t\t\t\t\t\t<div class=\"elementor-element elementor-element-5dbc696 elementor-widget elementor-widget-spacer\" data-id=\"5dbc696\" data-element_type=\"widget\" data-e-type=\"widget\" data-widget_type=\"spacer.default\">\n\t\t\t\t<div class=\"elementor-widget-container\">\n\t\t\t\t\t\t\t<div class=\"elementor-spacer\">\n\t\t\t<div class=\"elementor-spacer-inner\"><\/div>\n\t\t<\/div>\n\t\t\t\t\t\t<\/div>\n\t\t\t\t<\/div>\n\t\t\t\t\t<\/div>\n\t\t<\/div>\n\t\t\t\t\t<\/div>\n\t\t<\/section>\n\t\t\t\t<\/div>\n\t\t","protected":false},"excerpt":{"rendered":"<p>Notre objectif D\u00e9velopper. Livrer. R\u00e9investir. CPDC recherche activement des investissements directs en phase d&rsquo;amor\u00e7age et de s\u00e9rie A, des opportunit\u00e9s de licence et de collaboration dans le domaine des produits radiopharmaceutiques. En tant que partenaires d\u00e9vou\u00e9s, nous apportons notre expertise du secteur et un r\u00e9seau solide pour collaborer avec les \u00e9quipes de direction, afin d&rsquo;accro\u00eetre &#8230; <a title=\"Notre objectif\" class=\"read-more\" href=\"https:\/\/cpdc.ca\/fr\/notre-objectif\/\" aria-label=\"Read more about Notre objectif\">Read more<\/a><\/p>\n","protected":false},"author":1,"featured_media":0,"parent":0,"menu_order":0,"comment_status":"closed","ping_status":"closed","template":"elementor_header_footer","meta":{"footnotes":""},"class_list":["post-3828","page","type-page","status-publish"],"aioseo_notices":[],"_links":{"self":[{"href":"https:\/\/cpdc.ca\/fr\/wp-json\/wp\/v2\/pages\/3828","targetHints":{"allow":["GET"]}}],"collection":[{"href":"https:\/\/cpdc.ca\/fr\/wp-json\/wp\/v2\/pages"}],"about":[{"href":"https:\/\/cpdc.ca\/fr\/wp-json\/wp\/v2\/types\/page"}],"author":[{"embeddable":true,"href":"https:\/\/cpdc.ca\/fr\/wp-json\/wp\/v2\/users\/1"}],"replies":[{"embeddable":true,"href":"https:\/\/cpdc.ca\/fr\/wp-json\/wp\/v2\/comments?post=3828"}],"version-history":[{"count":17,"href":"https:\/\/cpdc.ca\/fr\/wp-json\/wp\/v2\/pages\/3828\/revisions"}],"predecessor-version":[{"id":4319,"href":"https:\/\/cpdc.ca\/fr\/wp-json\/wp\/v2\/pages\/3828\/revisions\/4319"}],"wp:attachment":[{"href":"https:\/\/cpdc.ca\/fr\/wp-json\/wp\/v2\/media?parent=3828"}],"curies":[{"name":"wp","href":"https:\/\/api.w.org\/{rel}","templated":true}]}}