{"id":3835,"date":"2025-06-10T21:00:24","date_gmt":"2025-06-11T01:00:24","guid":{"rendered":"https:\/\/cpdc.ca\/recent-investments\/"},"modified":"2025-06-11T18:49:19","modified_gmt":"2025-06-11T22:49:19","slug":"investissements-recents","status":"publish","type":"page","link":"https:\/\/cpdc.ca\/fr\/investissements-recents\/","title":{"rendered":"Investissements r\u00e9cents"},"content":{"rendered":"\t\t<div data-elementor-type=\"wp-page\" data-elementor-id=\"3835\" class=\"elementor elementor-3835 elementor-3660\" data-elementor-post-type=\"page\">\n\t\t\t\t\t\t<section class=\"elementor-section elementor-top-section elementor-element elementor-element-920a084 elementor-section-boxed elementor-section-height-default elementor-section-height-default\" data-id=\"920a084\" data-element_type=\"section\" data-e-type=\"section\">\n\t\t\t\t\t\t<div class=\"elementor-container elementor-column-gap-default\">\n\t\t\t\t\t<div class=\"elementor-column elementor-col-100 elementor-top-column elementor-element elementor-element-36f0bd8\" data-id=\"36f0bd8\" data-element_type=\"column\" data-e-type=\"column\">\n\t\t\t<div class=\"elementor-widget-wrap elementor-element-populated\">\n\t\t\t\t\t\t<div class=\"elementor-element elementor-element-07c6e14 elementor-widget elementor-widget-heading\" data-id=\"07c6e14\" data-element_type=\"widget\" data-e-type=\"widget\" data-widget_type=\"heading.default\">\n\t\t\t\t<div class=\"elementor-widget-container\">\n\t\t\t\t\t<h2 class=\"elementor-heading-title elementor-size-default\">Investissements r\u00e9cents<\/h2>\t\t\t\t<\/div>\n\t\t\t\t<\/div>\n\t\t\t\t<div class=\"elementor-element elementor-element-602719c elementor-widget elementor-widget-spacer\" data-id=\"602719c\" data-element_type=\"widget\" data-e-type=\"widget\" data-widget_type=\"spacer.default\">\n\t\t\t\t<div class=\"elementor-widget-container\">\n\t\t\t\t\t\t\t<div class=\"elementor-spacer\">\n\t\t\t<div class=\"elementor-spacer-inner\"><\/div>\n\t\t<\/div>\n\t\t\t\t\t\t<\/div>\n\t\t\t\t<\/div>\n\t\t\t\t<section class=\"elementor-section elementor-inner-section elementor-element elementor-element-fff9414 elementor-section-boxed elementor-section-height-default elementor-section-height-default\" data-id=\"fff9414\" data-element_type=\"section\" data-e-type=\"section\">\n\t\t\t\t\t\t<div class=\"elementor-container elementor-column-gap-default\">\n\t\t\t\t\t<div class=\"elementor-column elementor-col-50 elementor-inner-column elementor-element elementor-element-3ecce94\" data-id=\"3ecce94\" data-element_type=\"column\" data-e-type=\"column\">\n\t\t\t<div class=\"elementor-widget-wrap elementor-element-populated\">\n\t\t\t\t\t\t<div class=\"elementor-element elementor-element-caf9001 elementor-widget elementor-widget-image\" data-id=\"caf9001\" data-element_type=\"widget\" data-e-type=\"widget\" data-widget_type=\"image.default\">\n\t\t\t\t<div class=\"elementor-widget-container\">\n\t\t\t\t\t\t\t\t\t\t\t\t\t\t\t<img decoding=\"async\" width=\"300\" height=\"109\" src=\"https:\/\/cpdc.ca\/wp-content\/uploads\/2025\/06\/radiosyn-300x109.png\" class=\"attachment-medium size-medium wp-image-3809\" alt=\"\" srcset=\"https:\/\/cpdc.ca\/wp-content\/uploads\/2025\/06\/radiosyn-300x109.png 300w, https:\/\/cpdc.ca\/wp-content\/uploads\/2025\/06\/radiosyn.png 541w\" sizes=\"(max-width: 300px) 100vw, 300px\" \/>\t\t\t\t\t\t\t\t\t\t\t\t\t\t\t<\/div>\n\t\t\t\t<\/div>\n\t\t\t\t\t<\/div>\n\t\t<\/div>\n\t\t\t\t<div class=\"elementor-column elementor-col-50 elementor-inner-column elementor-element elementor-element-f197e48\" data-id=\"f197e48\" data-element_type=\"column\" data-e-type=\"column\">\n\t\t\t<div class=\"elementor-widget-wrap elementor-element-populated\">\n\t\t\t\t\t\t<div class=\"elementor-element elementor-element-9f9ea29 elementor-widget elementor-widget-text-editor\" data-id=\"9f9ea29\" data-element_type=\"widget\" data-e-type=\"widget\" data-widget_type=\"text-editor.default\">\n\t\t\t\t<div class=\"elementor-widget-container\">\n\t\t\t\t\t\t\t\t\t<p>CPDC a r\u00e9alis\u00e9 un investissement initial de 650 000 dollars dans RadioSyn, une start-up de l&rsquo;universit\u00e9 McMaster qui d\u00e9veloppe une plateforme miniaturis\u00e9e et automatis\u00e9e de synth\u00e8se de produits radiopharmaceutiques. RadioSyn propose un synth\u00e9tiseur blind\u00e9 \u00e0 la pointe de la technologie qui \u00e9limine les obstacles et la complexit\u00e9 li\u00e9s \u00e0 la production traditionnelle. Sa plateforme technologique de synth\u00e8se automatis\u00e9e r\u00e9pond aux limitations critiques des processus diagnostiques et th\u00e9rapeutiques conventionnels en standardisant et en rationalisant la fabrication de radio-immunoconjugu\u00e9s et de produits radiopharmaceutiques. Pour plus d&rsquo;informations, rendez-vous sur <a href=\"http:\/\/www.radiosyn.com\/\">www.radiosyn.com<\/a>.<\/p>\t\t\t\t\t\t\t\t<\/div>\n\t\t\t\t<\/div>\n\t\t\t\t\t<\/div>\n\t\t<\/div>\n\t\t\t\t\t<\/div>\n\t\t<\/section>\n\t\t\t\t\t<\/div>\n\t\t<\/div>\n\t\t\t\t\t<\/div>\n\t\t<\/section>\n\t\t\t\t<section class=\"elementor-section elementor-top-section elementor-element elementor-element-adbcd05 elementor-section-boxed elementor-section-height-default elementor-section-height-default\" data-id=\"adbcd05\" data-element_type=\"section\" data-e-type=\"section\">\n\t\t\t\t\t\t<div class=\"elementor-container elementor-column-gap-default\">\n\t\t\t\t\t<div class=\"elementor-column elementor-col-100 elementor-top-column elementor-element elementor-element-181ab39\" data-id=\"181ab39\" data-element_type=\"column\" data-e-type=\"column\">\n\t\t\t<div class=\"elementor-widget-wrap elementor-element-populated\">\n\t\t\t\t\t\t<div class=\"elementor-element elementor-element-6edb245 elementor-widget elementor-widget-spacer\" data-id=\"6edb245\" data-element_type=\"widget\" data-e-type=\"widget\" data-widget_type=\"spacer.default\">\n\t\t\t\t<div class=\"elementor-widget-container\">\n\t\t\t\t\t\t\t<div class=\"elementor-spacer\">\n\t\t\t<div class=\"elementor-spacer-inner\"><\/div>\n\t\t<\/div>\n\t\t\t\t\t\t<\/div>\n\t\t\t\t<\/div>\n\t\t\t\t\t<\/div>\n\t\t<\/div>\n\t\t\t\t\t<\/div>\n\t\t<\/section>\n\t\t\t\t<\/div>\n\t\t","protected":false},"excerpt":{"rendered":"<p>Investissements r\u00e9cents CPDC a r\u00e9alis\u00e9 un investissement initial de 650 000 dollars dans RadioSyn, une start-up de l&rsquo;universit\u00e9 McMaster qui d\u00e9veloppe une plateforme miniaturis\u00e9e et automatis\u00e9e de synth\u00e8se de produits radiopharmaceutiques. RadioSyn propose un synth\u00e9tiseur blind\u00e9 \u00e0 la pointe de la technologie qui \u00e9limine les obstacles et la complexit\u00e9 li\u00e9s \u00e0 la production traditionnelle. Sa &#8230; <a title=\"Investissements r\u00e9cents\" class=\"read-more\" href=\"https:\/\/cpdc.ca\/fr\/investissements-recents\/\" aria-label=\"Read more about Investissements r\u00e9cents\">Read more<\/a><\/p>\n","protected":false},"author":1,"featured_media":0,"parent":0,"menu_order":0,"comment_status":"closed","ping_status":"closed","template":"elementor_header_footer","meta":{"footnotes":""},"class_list":["post-3835","page","type-page","status-publish"],"aioseo_notices":[],"_links":{"self":[{"href":"https:\/\/cpdc.ca\/fr\/wp-json\/wp\/v2\/pages\/3835","targetHints":{"allow":["GET"]}}],"collection":[{"href":"https:\/\/cpdc.ca\/fr\/wp-json\/wp\/v2\/pages"}],"about":[{"href":"https:\/\/cpdc.ca\/fr\/wp-json\/wp\/v2\/types\/page"}],"author":[{"embeddable":true,"href":"https:\/\/cpdc.ca\/fr\/wp-json\/wp\/v2\/users\/1"}],"replies":[{"embeddable":true,"href":"https:\/\/cpdc.ca\/fr\/wp-json\/wp\/v2\/comments?post=3835"}],"version-history":[{"count":13,"href":"https:\/\/cpdc.ca\/fr\/wp-json\/wp\/v2\/pages\/3835\/revisions"}],"predecessor-version":[{"id":4238,"href":"https:\/\/cpdc.ca\/fr\/wp-json\/wp\/v2\/pages\/3835\/revisions\/4238"}],"wp:attachment":[{"href":"https:\/\/cpdc.ca\/fr\/wp-json\/wp\/v2\/media?parent=3835"}],"curies":[{"name":"wp","href":"https:\/\/api.w.org\/{rel}","templated":true}]}}