{"id":4481,"date":"2025-09-29T07:17:05","date_gmt":"2025-09-29T11:17:05","guid":{"rendered":"https:\/\/cpdc.ca\/cadena-research\/"},"modified":"2026-03-23T17:05:54","modified_gmt":"2026-03-23T21:05:54","slug":"cadena-research","status":"publish","type":"page","link":"https:\/\/cpdc.ca\/fr\/cadena-research\/","title":{"rendered":"Cadena Research"},"content":{"rendered":"\t\t<div data-elementor-type=\"wp-page\" data-elementor-id=\"4481\" class=\"elementor elementor-4481 elementor-4435\" data-elementor-post-type=\"page\">\n\t\t\t\t\t\t<section class=\"elementor-section elementor-top-section elementor-element elementor-element-31a7343 elementor-section-boxed elementor-section-height-default elementor-section-height-default\" data-id=\"31a7343\" data-element_type=\"section\" data-e-type=\"section\">\n\t\t\t\t\t\t<div class=\"elementor-container elementor-column-gap-default\">\n\t\t\t\t\t<div class=\"elementor-column elementor-col-100 elementor-top-column elementor-element elementor-element-dfbd696\" data-id=\"dfbd696\" data-element_type=\"column\" data-e-type=\"column\">\n\t\t\t<div class=\"elementor-widget-wrap elementor-element-populated\">\n\t\t\t\t\t\t<div class=\"elementor-element elementor-element-be8166a elementor-widget elementor-widget-heading\" data-id=\"be8166a\" data-element_type=\"widget\" data-e-type=\"widget\" data-widget_type=\"heading.default\">\n\t\t\t\t<div class=\"elementor-widget-container\">\n\t\t\t\t\t<h2 class=\"elementor-heading-title elementor-size-default\">Cadena Research<\/h2>\t\t\t\t<\/div>\n\t\t\t\t<\/div>\n\t\t\t\t<div class=\"elementor-element elementor-element-932439e elementor-widget elementor-widget-heading\" data-id=\"932439e\" data-element_type=\"widget\" data-e-type=\"widget\" data-widget_type=\"heading.default\">\n\t\t\t\t<div class=\"elementor-widget-container\">\n\t\t\t\t\t<h2 class=\"elementor-heading-title elementor-size-default\">Donner de l'\u00e9lan \u00e0 vos mol\u00e9cules<\/h2>\t\t\t\t<\/div>\n\t\t\t\t<\/div>\n\t\t\t\t<div class=\"elementor-element elementor-element-2c39280 elementor-widget elementor-widget-text-editor\" data-id=\"2c39280\" data-element_type=\"widget\" data-e-type=\"widget\" data-widget_type=\"text-editor.default\">\n\t\t\t\t<div class=\"elementor-widget-container\">\n\t\t\t\t\t\t\t\t\t<p><strong>Cadena Research<\/strong> est organisation de recherche contractuelle (ORC) cr\u00e9\u00e9e par CPDC afin d&rsquo;acc\u00e9l\u00e9rer le d\u00e9veloppement des produits radiopharmaceutiques. Cadena Research comble une lacune critique dans le secteur en pleine expansion des produits radiopharmaceutiques en offrant un soutien complet au d\u00e9veloppement pr\u00e9clinique aux innovateurs, et ce, mondialement. L\u2019organisation fournit une gamme de services comprenant la recherche et le d\u00e9veloppement in vitro et in vivo, le criblage, l\u2019optimisation des mol\u00e9cules candidates, la toxicologie, la dosim\u00e9trie, l\u2019imagerie et des capacit\u00e9s avanc\u00e9es en radiochimie. En outre, Cadena Research offre des capacit\u00e9s BPL pour les \u00e9tudes visant \u00e0 l\u2019enregistrement. Les clients b\u00e9n\u00e9ficient des services de conseil strat\u00e9gique offerts par une \u00e9quipe de professionnels exp\u00e9riment\u00e9s dans le domaine des produits radiopharmaceutiques. Chaque projet est g\u00e9r\u00e9 de A \u00e0 Z par un chef de projet d\u00e9di\u00e9, garantissant une communication fluide et une livraison dans les d\u00e9lais.     <\/p><p>Pour en savoir plus, rendez-vous sur : <a href=\"https:\/\/cadenaresearch.com\/\" target=\"_blank\" rel=\"noopener\">Cadena Research<\/a><\/p>\t\t\t\t\t\t\t\t<\/div>\n\t\t\t\t<\/div>\n\t\t\t\t<div class=\"elementor-element elementor-element-3577a3f elementor-widget elementor-widget-image\" data-id=\"3577a3f\" data-element_type=\"widget\" data-e-type=\"widget\" data-widget_type=\"image.default\">\n\t\t\t\t<div class=\"elementor-widget-container\">\n\t\t\t\t\t\t\t\t\t\t\t\t\t\t\t\t<a href=\"https:\/\/cadenaresearch.com\" target=\"_blank\">\n\t\t\t\t\t\t\t<img fetchpriority=\"high\" decoding=\"async\" width=\"448\" height=\"254\" src=\"https:\/\/cpdc.ca\/wp-content\/uploads\/2025\/09\/Cadena_MainLogo_Fullwhite_sm.png\" class=\"attachment-medium_large size-medium_large wp-image-4446\" alt=\"\" srcset=\"https:\/\/cpdc.ca\/wp-content\/uploads\/2025\/09\/Cadena_MainLogo_Fullwhite_sm.png 448w, https:\/\/cpdc.ca\/wp-content\/uploads\/2025\/09\/Cadena_MainLogo_Fullwhite_sm-300x170.png 300w\" sizes=\"(max-width: 448px) 100vw, 448px\" \/>\t\t\t\t\t\t\t\t<\/a>\n\t\t\t\t\t\t\t\t\t\t\t\t\t\t\t<\/div>\n\t\t\t\t<\/div>\n\t\t\t\t<div class=\"elementor-element elementor-element-02c31fa elementor-widget elementor-widget-spacer\" data-id=\"02c31fa\" data-element_type=\"widget\" data-e-type=\"widget\" data-widget_type=\"spacer.default\">\n\t\t\t\t<div class=\"elementor-widget-container\">\n\t\t\t\t\t\t\t<div class=\"elementor-spacer\">\n\t\t\t<div class=\"elementor-spacer-inner\"><\/div>\n\t\t<\/div>\n\t\t\t\t\t\t<\/div>\n\t\t\t\t<\/div>\n\t\t\t\t\t<\/div>\n\t\t<\/div>\n\t\t\t\t\t<\/div>\n\t\t<\/section>\n\t\t\t\t<\/div>\n\t\t","protected":false},"excerpt":{"rendered":"<p>Cadena Research Donner de l&rsquo;\u00e9lan \u00e0 vos mol\u00e9cules Cadena Research est organisation de recherche contractuelle (ORC) cr\u00e9\u00e9e par CPDC afin d&rsquo;acc\u00e9l\u00e9rer le d\u00e9veloppement des produits radiopharmaceutiques. Cadena Research comble une lacune critique dans le secteur en pleine expansion des produits radiopharmaceutiques en offrant un soutien complet au d\u00e9veloppement pr\u00e9clinique aux innovateurs, et ce, mondialement. L\u2019organisation &#8230; <a title=\"Cadena Research\" class=\"read-more\" href=\"https:\/\/cpdc.ca\/fr\/cadena-research\/\" aria-label=\"Read more about Cadena Research\">Read more<\/a><\/p>\n","protected":false},"author":8,"featured_media":0,"parent":0,"menu_order":0,"comment_status":"closed","ping_status":"closed","template":"elementor_header_footer","meta":{"footnotes":""},"class_list":["post-4481","page","type-page","status-publish"],"aioseo_notices":[],"_links":{"self":[{"href":"https:\/\/cpdc.ca\/fr\/wp-json\/wp\/v2\/pages\/4481","targetHints":{"allow":["GET"]}}],"collection":[{"href":"https:\/\/cpdc.ca\/fr\/wp-json\/wp\/v2\/pages"}],"about":[{"href":"https:\/\/cpdc.ca\/fr\/wp-json\/wp\/v2\/types\/page"}],"author":[{"embeddable":true,"href":"https:\/\/cpdc.ca\/fr\/wp-json\/wp\/v2\/users\/8"}],"replies":[{"embeddable":true,"href":"https:\/\/cpdc.ca\/fr\/wp-json\/wp\/v2\/comments?post=4481"}],"version-history":[{"count":3,"href":"https:\/\/cpdc.ca\/fr\/wp-json\/wp\/v2\/pages\/4481\/revisions"}],"predecessor-version":[{"id":4669,"href":"https:\/\/cpdc.ca\/fr\/wp-json\/wp\/v2\/pages\/4481\/revisions\/4669"}],"wp:attachment":[{"href":"https:\/\/cpdc.ca\/fr\/wp-json\/wp\/v2\/media?parent=4481"}],"curies":[{"name":"wp","href":"https:\/\/api.w.org\/{rel}","templated":true}]}}